{"id":71,"date":"2025-09-26T17:26:30","date_gmt":"2025-09-26T17:26:30","guid":{"rendered":"http:\/\/www.xaviercerqueda.cat\/?page_id=71"},"modified":"2025-09-26T17:26:30","modified_gmt":"2025-09-26T17:26:30","slug":"qui-som","status":"publish","type":"page","link":"https:\/\/www.xaviercerqueda.cat\/es\/qui-som\/","title":{"rendered":"\u00bfQui\u00e9nes somos?"},"content":{"rendered":"<div class=\"wp-block-uagb-container uagb-block-1c6c57e9 alignfull uagb-is-root-container\"><div class=\"uagb-container-inner-blocks-wrap\">\n<div class=\"wp-block-uagb-advanced-heading uagb-block-9ccb4c0c\"><h1 class=\"uagb-heading-text\">\u00bfQui\u00e9nes somos?<\/h1><\/div>\n<\/div><\/div>\n\n\n\n<div class=\"wp-block-uagb-container uagb-block-7b621bd4 alignfull uagb-is-root-container\"><div class=\"uagb-container-inner-blocks-wrap\">\n<div class=\"wp-block-uagb-container uagb-block-72caf3ba\"><\/div>\n\n\n\n<div class=\"wp-block-uagb-container uagb-block-fa3b218e\">\n<p style=\"margin-top:0;margin-bottom:0\">Somos uno <strong>despacho de arquitectura en Lleida<\/strong> con m\u00e1s de 30 a\u00f1os de trayectoria profesional y formaci\u00f3n continua. Trabajamos prioritariamente en el <strong>Pirineo y en la plana de Lleida<\/strong>, entre la <strong>Seu d\u2019Urgell i Lleida<\/strong>, que es nuestro entorno natural y de d\u00f3nde provienen la mayor\u00eda de nuestros proyectos.<\/p>\n\n\n\n<p style=\"margin-top:0;margin-bottom:0\" class=\"translation-block\">Nos apasiona especialmente <strong>la vivienda<\/strong>: casas unifamiliares, plurifamiliares y espacios colectivos. Creemos que la casa es el escenario principal de la vida y donde la arquitectura tiene mayor capacidad de mejorar el bienestar de las personas.<\/p>\n<\/div>\n<\/div><\/div>\n\n\n\n<p class=\"translation-block\">Tambi\u00e9n tenemos experiencia en <strong>urbanismo, planeamiento y obra p\u00fablica<\/strong>, que nos aporta una visi\u00f3n global y transversal de la profesi\u00f3n.<\/p>\n\n\n\n<p class=\"translation-block\">Nuestra visi\u00f3n es clara: crear <strong>espacios sostenibles, saludables y funcionales<\/strong> que mejoren la calidad de vida de las personas y respeten el medio ambiente. Nos gusta trabajar con clientes que valoran el <strong>dise\u00f1o cuidadoso, el trato cercano y la transparencia<\/strong> durante todo el proceso.<\/p>\n\n\n\n<div class=\"wp-block-uagb-container uagb-block-6efec454 alignfull uagb-is-root-container\"><div class=\"uagb-container-inner-blocks-wrap\">\n<div class=\"wp-block-uagb-container uagb-block-d7dcce19\">\n<h2 class=\"wp-block-heading\" style=\"margin-top:0;margin-bottom:0\">Valores<\/h2>\n\n\n\n<ul class=\"wp-block-list\">\n<li class=\"translation-block\"><strong>Arquitectura sostenible y bioclim\u00e1tica<\/strong>: reducimos la demanda energ\u00e9tica, aprovechamos el soleamiento y la ventilaci\u00f3n natural, e incorporamos fuentes renovables.<\/li>\n\n\n\n<li class=\"translation-block\"><strong>Viviendas saludables<\/strong>: trabajamos con materiales naturales, de proximidad y libres de t\u00f3xicos.<\/li>\n\n\n\n<li class=\"translation-block\"><strong>Durabilidad y eficiencia<\/strong>: casas bien pensadas, con mantenimiento m\u00ednimo y que evitan patolog\u00edas futuras.<\/li>\n\n\n\n<li class=\"translation-block\"><strong>Rigor y calidad t\u00e9cnica<\/strong>: cada proyecto est\u00e1 detallado al m\u00e1ximo, desde la primera idea hasta el \u00faltimo acabado.<\/li>\n\n\n\n<li class=\"translation-block\"><strong>Transparencia y confianza<\/strong>: presupuestos realistas, informaci\u00f3n clara y acompa\u00f1amiento constante.<\/li>\n\n\n\n<li class=\"translation-block\"><strong>Arquitectura al servicio de las personas<\/strong>: proyectamos lo mejor para el cliente y para el lugar, evitando artificios.<\/li>\n<\/ul>\n<\/div>\n\n\n\n<div class=\"wp-block-uagb-container uagb-block-eac1931a\"><\/div>\n<\/div><\/div>","protected":false},"excerpt":{"rendered":"<p>Qui som? Som un despatx d\u2019arquitectura a Lleida amb m\u00e9s de 30 anys de traject\u00f2ria professional i formaci\u00f3 continuada. Treballem priorit\u00e0riament al Pirineu i a la plana de Lleida, entre la Seu d\u2019Urgell i Lleida, que \u00e9s el nostre entorn natural i d\u2019on provenen la majoria dels nostres projectes. Ens apassiona especialment l\u2019habitatge: cases unifamiliars, [&hellip;]<\/p>","protected":false},"author":1,"featured_media":0,"parent":0,"menu_order":0,"comment_status":"closed","ping_status":"closed","template":"","meta":{"_uag_custom_page_level_css":"","site-sidebar-layout":"default","site-content-layout":"","ast-site-content-layout":"default","site-content-style":"default","site-sidebar-style":"default","ast-global-header-display":"","ast-banner-title-visibility":"","ast-main-header-display":"","ast-hfb-above-header-display":"","ast-hfb-below-header-display":"","ast-hfb-mobile-header-display":"","site-post-title":"disabled","ast-breadcrumbs-content":"","ast-featured-img":"","footer-sml-layout":"","theme-transparent-header-meta":"","adv-header-id-meta":"","stick-header-meta":"","header-above-stick-meta":"","header-main-stick-meta":"","header-below-stick-meta":"","astra-migrate-meta-layouts":"default","ast-page-background-enabled":"default","ast-page-background-meta":{"desktop":{"background-color":"var(--ast-global-color-5)","background-image":"","background-repeat":"repeat","background-position":"center center","background-size":"auto","background-attachment":"scroll","background-type":"","background-media":"","overlay-type":"","overlay-color":"","overlay-opacity":"","overlay-gradient":""},"tablet":{"background-color":"","background-image":"","background-repeat":"repeat","background-position":"center center","background-size":"auto","background-attachment":"scroll","background-type":"","background-media":"","overlay-type":"","overlay-color":"","overlay-opacity":"","overlay-gradient":""},"mobile":{"background-color":"","background-image":"","background-repeat":"repeat","background-position":"center center","background-size":"auto","background-attachment":"scroll","background-type":"","background-media":"","overlay-type":"","overlay-color":"","overlay-opacity":"","overlay-gradient":""}},"ast-content-background-meta":{"desktop":{"background-color":"var(--ast-global-color-4)","background-image":"","background-repeat":"repeat","background-position":"center center","background-size":"auto","background-attachment":"scroll","background-type":"","background-media":"","overlay-type":"","overlay-color":"","overlay-opacity":"","overlay-gradient":""},"tablet":{"background-color":"var(--ast-global-color-4)","background-image":"","background-repeat":"repeat","background-position":"center center","background-size":"auto","background-attachment":"scroll","background-type":"","background-media":"","overlay-type":"","overlay-color":"","overlay-opacity":"","overlay-gradient":""},"mobile":{"background-color":"var(--ast-global-color-4)","background-image":"","background-repeat":"repeat","background-position":"center center","background-size":"auto","background-attachment":"scroll","background-type":"","background-media":"","overlay-type":"","overlay-color":"","overlay-opacity":"","overlay-gradient":""}},"footnotes":""},"class_list":["post-71","page","type-page","status-publish","hentry"],"uagb_featured_image_src":{"full":false,"thumbnail":false,"medium":false,"medium_large":false,"large":false,"1536x1536":false,"2048x2048":false,"trp-custom-language-flag":false},"uagb_author_info":{"display_name":"alex","author_link":"https:\/\/www.xaviercerqueda.cat\/es\/author\/alex\/"},"uagb_comment_info":0,"uagb_excerpt":"Qui som? Som un despatx d\u2019arquitectura a Lleida amb m\u00e9s de 30 anys de traject\u00f2ria professional i formaci\u00f3 continuada. Treballem priorit\u00e0riament al Pirineu i a la plana de Lleida, entre la Seu d\u2019Urgell i Lleida, que \u00e9s el nostre entorn natural i d\u2019on provenen la majoria dels nostres projectes. Ens apassiona especialment l\u2019habitatge: cases unifamiliars,&hellip;","jetpack_sharing_enabled":true,"_links":{"self":[{"href":"https:\/\/www.xaviercerqueda.cat\/es\/wp-json\/wp\/v2\/pages\/71","targetHints":{"allow":["GET"]}}],"collection":[{"href":"https:\/\/www.xaviercerqueda.cat\/es\/wp-json\/wp\/v2\/pages"}],"about":[{"href":"https:\/\/www.xaviercerqueda.cat\/es\/wp-json\/wp\/v2\/types\/page"}],"author":[{"embeddable":true,"href":"https:\/\/www.xaviercerqueda.cat\/es\/wp-json\/wp\/v2\/users\/1"}],"replies":[{"embeddable":true,"href":"https:\/\/www.xaviercerqueda.cat\/es\/wp-json\/wp\/v2\/comments?post=71"}],"version-history":[{"count":1,"href":"https:\/\/www.xaviercerqueda.cat\/es\/wp-json\/wp\/v2\/pages\/71\/revisions"}],"predecessor-version":[{"id":72,"href":"https:\/\/www.xaviercerqueda.cat\/es\/wp-json\/wp\/v2\/pages\/71\/revisions\/72"}],"wp:attachment":[{"href":"https:\/\/www.xaviercerqueda.cat\/es\/wp-json\/wp\/v2\/media?parent=71"}],"curies":[{"name":"wp","href":"https:\/\/api.w.org\/{rel}","templated":true}]}}